{"id":1972,"date":"2020-03-10T16:17:39","date_gmt":"2020-03-10T15:17:39","guid":{"rendered":"https:\/\/www.gmovesuit.com\/?page_id=1972"},"modified":"2020-03-26T11:00:39","modified_gmt":"2020-03-26T10:00:39","slug":"vantaggi","status":"publish","type":"page","link":"https:\/\/www.gmovesuit.com\/it\/vantaggi\/","title":{"rendered":"Vantaggi"},"content":{"rendered":"\t\t<div data-elementor-type=\"wp-page\" data-elementor-id=\"1972\" class=\"elementor elementor-1972\">\n\t\t\t\t\t\t<section class=\"elementor-section elementor-top-section elementor-element elementor-element-b201f17 elementor-section-boxed elementor-section-height-default elementor-section-height-default\" data-id=\"b201f17\" data-element_type=\"section\" data-settings=\"{&quot;background_background&quot;:&quot;video&quot;,&quot;background_video_link&quot;:&quot;https:\\\/\\\/www.gmovesuit.com\\\/wp-content\\\/uploads\\\/2019\\\/09\\\/gmovesuit-benefices-avis-actions.mp4&quot;,&quot;background_play_on_mobile&quot;:&quot;yes&quot;}\">\n\t\t\t\t\t\t\t\t<div class=\"elementor-background-video-container\">\n\t\t\t\t\t\t\t\t\t\t\t\t\t<video class=\"elementor-background-video-hosted elementor-html5-video\" autoplay muted playsinline loop><\/video>\n\t\t\t\t\t\t\t\t\t\t\t<\/div>\n\t\t\t\t\t\t\t\t\t<div class=\"elementor-background-overlay\"><\/div>\n\t\t\t\t\t\t\t<div class=\"elementor-container elementor-column-gap-default\">\n\t\t\t\t\t<div class=\"elementor-column elementor-col-100 elementor-top-column elementor-element elementor-element-a657a77\" data-id=\"a657a77\" data-element_type=\"column\">\n\t\t\t<div class=\"elementor-widget-wrap elementor-element-populated\">\n\t\t\t\t\t\t<div class=\"elementor-element elementor-element-887cb13 elementor-widget elementor-widget-image\" data-id=\"887cb13\" data-element_type=\"widget\" data-widget_type=\"image.default\">\n\t\t\t\t<div class=\"elementor-widget-container\">\n\t\t\t\t\t\t\t\t\t\t\t\t\t<img fetchpriority=\"high\" decoding=\"async\" width=\"268\" height=\"216\" src=\"https:\/\/www.gmovesuit.com\/wp-content\/uploads\/2019\/08\/g-move-suite-logo.png\" class=\"attachment-full size-full wp-image-1923\" alt=\"\" \/>\t\t\t\t\t\t\t\t\t\t\t\t\t<\/div>\n\t\t\t\t<\/div>\n\t\t\t\t\t<\/div>\n\t\t<\/div>\n\t\t\t\t\t<\/div>\n\t\t<\/section>\n\t\t\t\t<section class=\"elementor-section elementor-top-section elementor-element elementor-element-4191010 elementor-section-boxed elementor-section-height-default elementor-section-height-default\" data-id=\"4191010\" data-element_type=\"section\" data-settings=\"{&quot;background_background&quot;:&quot;classic&quot;}\">\n\t\t\t\t\t\t<div class=\"elementor-container elementor-column-gap-default\">\n\t\t\t\t\t<div class=\"elementor-column elementor-col-33 elementor-top-column elementor-element elementor-element-ee57ffc elementor-hidden-phone\" data-id=\"ee57ffc\" data-element_type=\"column\">\n\t\t\t<div class=\"elementor-widget-wrap elementor-element-populated\">\n\t\t\t\t\t\t<div class=\"elementor-element elementor-element-9b8417d elementor-widget elementor-widget-image\" data-id=\"9b8417d\" data-element_type=\"widget\" data-widget_type=\"image.default\">\n\t\t\t\t<div class=\"elementor-widget-container\">\n\t\t\t\t\t\t\t\t\t\t\t\t\t<img decoding=\"async\" src=\"https:\/\/www.gmovesuit.com\/wp-content\/uploads\/elementor\/thumbs\/1080324-oedsbcynx74tk34dbr207ct3ha9l85vtwtq3zc91k0.jpg\" title=\"gmovesuit-stretching-b\u00e9n\u00e9fices\" alt=\"gmovesuit-stretching-b\u00e9n\u00e9fices-th\u00e9rapie-pressoth\u00e9rapie-compression\" loading=\"lazy\" \/>\t\t\t\t\t\t\t\t\t\t\t\t\t<\/div>\n\t\t\t\t<\/div>\n\t\t\t\t\t<\/div>\n\t\t<\/div>\n\t\t\t\t<div class=\"elementor-column elementor-col-33 elementor-top-column elementor-element elementor-element-2c4670c\" data-id=\"2c4670c\" data-element_type=\"column\">\n\t\t\t<div class=\"elementor-widget-wrap elementor-element-populated\">\n\t\t\t\t\t\t<div class=\"elementor-element elementor-element-61a222c elementor-widget elementor-widget-heading\" data-id=\"61a222c\" data-element_type=\"widget\" data-widget_type=\"heading.default\">\n\t\t\t\t<div class=\"elementor-widget-container\">\n\t\t\t<h1 class=\"elementor-heading-title elementor-size-default\">Quali sono  <b><strong>i  vantaggi?<strong><\/b><\/h1>\t\t<\/div>\n\t\t\t\t<\/div>\n\t\t\t\t<div class=\"elementor-element elementor-element-93290c0 elementor-widget elementor-widget-text-editor\" data-id=\"93290c0\" data-element_type=\"widget\" data-widget_type=\"text-editor.default\">\n\t\t\t\t<div class=\"elementor-widget-container\">\n\t\t\t\t\t\t\tLa compressione attiva \u00e9 una tecnica riconosciuta che consente di recuperare rapidamente il potenziale delle tue capacit\u00e0 fisiche aumentando il ritmo dell&#8217;allenamento. Al di l\u00e0 di questo approccio, la compressione attiva fornita dalla GMOVE-SUIT \u00e8 efficace anche in <strong>seguito a lesioni acute.<\/strong>\nContribuisce fortemente a ridurre l\u2019edema attraverso la riduzione del gonfiore articolare e stimola il recupero attraverso l&#8217;apporto di sangue nella zona della ferita.\nDate le sue virtu\u2019 drenanti, questo metodo di rieducazione \u00e9 raccomandato <strong>per contruibuire a guarire<\/strong> numerose patologie con un programma completo (ulcere venose, sclerosi multipla, miopatie, arteriti, mastectomie, linfedemi&#8230;). Aiuta a drenare i muscoli ed a migliorare la retenzione <strong>nell\u2019ottica di agire sulle cellule adipose.<\/strong>\t\t\t\t\t\t<\/div>\n\t\t\t\t<\/div>\n\t\t\t\t\t<\/div>\n\t\t<\/div>\n\t\t\t\t<div class=\"elementor-column elementor-col-33 elementor-top-column elementor-element elementor-element-058ea52 elementor-hidden-desktop elementor-hidden-tablet\" data-id=\"058ea52\" data-element_type=\"column\">\n\t\t\t<div class=\"elementor-widget-wrap elementor-element-populated\">\n\t\t\t\t\t\t<div class=\"elementor-element elementor-element-63a8c98 elementor-widget elementor-widget-image\" data-id=\"63a8c98\" data-element_type=\"widget\" data-widget_type=\"image.default\">\n\t\t\t\t<div class=\"elementor-widget-container\">\n\t\t\t\t\t\t\t\t\t\t\t\t\t<img decoding=\"async\" src=\"https:\/\/www.gmovesuit.com\/wp-content\/uploads\/elementor\/thumbs\/1080324-oedsbcynx74tk34dbr207ct3ha9l85vtwtq3zc91k0.jpg\" title=\"gmovesuit-stretching-b\u00e9n\u00e9fices\" alt=\"gmovesuit-stretching-b\u00e9n\u00e9fices-th\u00e9rapie-pressoth\u00e9rapie-compression\" loading=\"lazy\" \/>\t\t\t\t\t\t\t\t\t\t\t\t\t<\/div>\n\t\t\t\t<\/div>\n\t\t\t\t\t<\/div>\n\t\t<\/div>\n\t\t\t\t\t<\/div>\n\t\t<\/section>\n\t\t\t\t<section class=\"elementor-section elementor-top-section elementor-element elementor-element-6a4b89d elementor-section-full_width elementor-section-height-default elementor-section-height-default\" data-id=\"6a4b89d\" data-element_type=\"section\" data-settings=\"{&quot;background_background&quot;:&quot;classic&quot;}\">\n\t\t\t\t\t\t<div class=\"elementor-container elementor-column-gap-default\">\n\t\t\t\t\t<div class=\"elementor-column elementor-col-100 elementor-top-column elementor-element elementor-element-c7a83f7\" data-id=\"c7a83f7\" data-element_type=\"column\" data-settings=\"{&quot;background_background&quot;:&quot;classic&quot;}\">\n\t\t\t<div class=\"elementor-widget-wrap elementor-element-populated\">\n\t\t\t\t\t\t<div class=\"elementor-element elementor-element-5e1a959 elementor-widget elementor-widget-text-editor\" data-id=\"5e1a959\" data-element_type=\"widget\" data-widget_type=\"text-editor.default\">\n\t\t\t\t<div class=\"elementor-widget-container\">\n\t\t\t\t\t\t\tLa compressione permette di lavorare sia <b>superficialmente che in profondit\u00e0,\u00a0<\/b>a seconda delle diverse pressioni utilizzate.\t\t\t\t\t\t<\/div>\n\t\t\t\t<\/div>\n\t\t\t\t\t<\/div>\n\t\t<\/div>\n\t\t\t\t\t<\/div>\n\t\t<\/section>\n\t\t\t\t<section class=\"elementor-section elementor-top-section elementor-element elementor-element-5a2dbe9 elementor-section-full_width elementor-section-height-default elementor-section-height-default\" data-id=\"5a2dbe9\" data-element_type=\"section\">\n\t\t\t\t\t\t<div class=\"elementor-container elementor-column-gap-default\">\n\t\t\t\t\t<div class=\"elementor-column elementor-col-25 elementor-top-column elementor-element elementor-element-d74e5d3\" data-id=\"d74e5d3\" data-element_type=\"column\" data-settings=\"{&quot;background_background&quot;:&quot;classic&quot;}\">\n\t\t\t<div class=\"elementor-widget-wrap elementor-element-populated\">\n\t\t\t\t\t<div class=\"elementor-background-overlay\"><\/div>\n\t\t\t\t\t\t<div class=\"elementor-element elementor-element-2c1c455 elementor-widget elementor-widget-text-editor\" data-id=\"2c1c455\" data-element_type=\"widget\" data-widget_type=\"text-editor.default\">\n\t\t\t\t<div class=\"elementor-widget-container\">\n\t\t\t\t\t\t\t\u00c8 pi\u00f9 spesso usata per :\t\t\t\t\t\t<\/div>\n\t\t\t\t<\/div>\n\t\t\t\t\t<\/div>\n\t\t<\/div>\n\t\t\t\t<div class=\"elementor-column elementor-col-25 elementor-top-column elementor-element elementor-element-104727f\" data-id=\"104727f\" data-element_type=\"column\" data-settings=\"{&quot;background_background&quot;:&quot;classic&quot;}\">\n\t\t\t<div class=\"elementor-widget-wrap elementor-element-populated\">\n\t\t\t\t\t\t<div class=\"elementor-element elementor-element-c98ae0a elementor-widget elementor-widget-heading\" data-id=\"c98ae0a\" data-element_type=\"widget\" data-widget_type=\"heading.default\">\n\t\t\t\t<div class=\"elementor-widget-container\">\n\t\t\t<h2 class=\"elementor-heading-title elementor-size-default\">Recupero e sollievo :<\/h2>\t\t<\/div>\n\t\t\t\t<\/div>\n\t\t\t\t<div class=\"elementor-element elementor-element-85761bb elementor-widget elementor-widget-text-editor\" data-id=\"85761bb\" data-element_type=\"widget\" data-widget_type=\"text-editor.default\">\n\t\t\t\t<div class=\"elementor-widget-container\">\n\t\t\t\t\t\t\t<p>La compressione migliora gli scambi ed elimina le tossine, consentendo un migliore recupero, sia in fase post-operatoria (diminuzione dell&#8217;edema) o dopo uno sforzo (effetto rilassante). E\u2019 anche molto utile dopo il parto durante il periodo post-partum.<\/p>\t\t\t\t\t\t<\/div>\n\t\t\t\t<\/div>\n\t\t\t\t\t<\/div>\n\t\t<\/div>\n\t\t\t\t<div class=\"elementor-column elementor-col-25 elementor-top-column elementor-element elementor-element-0b107b8\" data-id=\"0b107b8\" data-element_type=\"column\" data-settings=\"{&quot;background_background&quot;:&quot;classic&quot;}\">\n\t\t\t<div class=\"elementor-widget-wrap elementor-element-populated\">\n\t\t\t\t\t\t<div class=\"elementor-element elementor-element-1df33c9 elementor-widget elementor-widget-heading\" data-id=\"1df33c9\" data-element_type=\"widget\" data-widget_type=\"heading.default\">\n\t\t\t\t<div class=\"elementor-widget-container\">\n\t\t\t<h2 class=\"elementor-heading-title elementor-size-default\">Gambe pesanti :<\/h2>\t\t<\/div>\n\t\t\t\t<\/div>\n\t\t\t\t<div class=\"elementor-element elementor-element-7e7b43e elementor-widget elementor-widget-text-editor\" data-id=\"7e7b43e\" data-element_type=\"widget\" data-widget_type=\"text-editor.default\">\n\t\t\t\t<div class=\"elementor-widget-container\">\n\t\t\t\t\t\t\t<p>Questa patologia evolutiva, che pu\u00f2 avere molte cause, \u00e8 il risultato di un&#8217;insufficienza venosa. Colpisce quasi un terzo della popolazione e pi\u00f9 della met\u00e0 delle donne si lamenta di questo disturbo. La terapia stimola il ritorno venoso ma anche il sistema linfatico e offre un sollievo immediato , riducendo cosi\u2019 la sensazione di gambe pesanti.<\/p>\t\t\t\t\t\t<\/div>\n\t\t\t\t<\/div>\n\t\t\t\t\t<\/div>\n\t\t<\/div>\n\t\t\t\t<div class=\"elementor-column elementor-col-25 elementor-top-column elementor-element elementor-element-13bc61c\" data-id=\"13bc61c\" data-element_type=\"column\" data-settings=\"{&quot;background_background&quot;:&quot;classic&quot;}\">\n\t\t\t<div class=\"elementor-widget-wrap elementor-element-populated\">\n\t\t\t\t\t\t<div class=\"elementor-element elementor-element-5117f54 elementor-widget elementor-widget-heading\" data-id=\"5117f54\" data-element_type=\"widget\" data-widget_type=\"heading.default\">\n\t\t\t\t<div class=\"elementor-widget-container\">\n\t\t\t<h2 class=\"elementor-heading-title elementor-size-default\">Miglioramento delle prestazioni :<\/h2>\t\t<\/div>\n\t\t\t\t<\/div>\n\t\t\t\t<div class=\"elementor-element elementor-element-bb8a966 elementor-widget elementor-widget-text-editor\" data-id=\"bb8a966\" data-element_type=\"widget\" data-widget_type=\"text-editor.default\">\n\t\t\t\t<div class=\"elementor-widget-container\">\n\t\t\t\t\t\t\tGli atleti d&#8217;\u00e9lite utilizzano anche la compressione per migliorare la loro forma fisica.\n\u00c8 il complemento ideale per tonificare i muscoli e le articolazioni, ma rilassa anche i muscoli, riduce l&#8217;affaticamento muscolare e previene dolore e crampi.\t\t\t\t\t\t<\/div>\n\t\t\t\t<\/div>\n\t\t\t\t\t<\/div>\n\t\t<\/div>\n\t\t\t\t\t<\/div>\n\t\t<\/section>\n\t\t\t\t<section class=\"elementor-section elementor-top-section elementor-element elementor-element-57436e7 elementor-section-boxed elementor-section-height-default elementor-section-height-default\" data-id=\"57436e7\" data-element_type=\"section\">\n\t\t\t\t\t\t<div class=\"elementor-container elementor-column-gap-default\">\n\t\t\t\t\t<div class=\"elementor-column elementor-col-100 elementor-top-column elementor-element elementor-element-a6c06c7\" data-id=\"a6c06c7\" data-element_type=\"column\">\n\t\t\t<div class=\"elementor-widget-wrap elementor-element-populated\">\n\t\t\t\t\t\t<div class=\"elementor-element elementor-element-cde8d27 elementor-widget elementor-widget-shortcode\" data-id=\"cde8d27\" data-element_type=\"widget\" data-widget_type=\"shortcode.default\">\n\t\t\t\t<div class=\"elementor-widget-container\">\n\t\t\t\t\t<div class=\"elementor-shortcode\">\t\t<div data-elementor-type=\"section\" data-elementor-id=\"1865\" class=\"elementor elementor-1865\">\n\t\t<div class=\"elementor-section-wrap\">\n\t\t\t\t\t<section class=\"elementor-section elementor-top-section elementor-element elementor-element-b90eca5 elementor-section-boxed elementor-section-height-default elementor-section-height-default\" data-id=\"b90eca5\" data-element_type=\"section\">\n\t\t\t\t\t\t<div class=\"elementor-container elementor-column-gap-default\">\n\t\t\t\t\t<div class=\"elementor-column elementor-col-100 elementor-top-column elementor-element elementor-element-8a1eeae\" data-id=\"8a1eeae\" data-element_type=\"column\">\n\t\t\t<div class=\"elementor-widget-wrap elementor-element-populated\">\n\t\t\t\t\t\t<div class=\"elementor-element elementor-element-f9f5239 elementor-widget elementor-widget-heading\" data-id=\"f9f5239\" data-element_type=\"widget\" data-widget_type=\"heading.default\">\n\t\t\t\t<div class=\"elementor-widget-container\">\n\t\t\t<h2 class=\"elementor-heading-title elementor-size-default\"><b>Testimonianze<\/b><\/h2>\t\t<\/div>\n\t\t\t\t<\/div>\n\t\t\t\t<div class=\"elementor-element elementor-element-b080358 elementor-widget-divider--view-line elementor-widget elementor-widget-divider\" data-id=\"b080358\" data-element_type=\"widget\" data-widget_type=\"divider.default\">\n\t\t\t\t<div class=\"elementor-widget-container\">\n\t\t\t\t\t<div class=\"elementor-divider\">\n\t\t\t<span class=\"elementor-divider-separator\">\n\t\t\t\t\t\t<\/span>\n\t\t<\/div>\n\t\t\t\t<\/div>\n\t\t\t\t<\/div>\n\t\t\t\t\t<\/div>\n\t\t<\/div>\n\t\t\t\t\t<\/div>\n\t\t<\/section>\n\t\t\t\t<section class=\"elementor-section elementor-top-section elementor-element elementor-element-8b90a40 elementor-section-boxed elementor-section-height-default elementor-section-height-default\" data-id=\"8b90a40\" data-element_type=\"section\">\n\t\t\t\t\t\t<div class=\"elementor-container elementor-column-gap-default\">\n\t\t\t\t\t<div class=\"elementor-column elementor-col-100 elementor-top-column elementor-element elementor-element-efc386b\" data-id=\"efc386b\" data-element_type=\"column\">\n\t\t\t<div class=\"elementor-widget-wrap elementor-element-populated\">\n\t\t\t\t\t\t<div class=\"elementor-element elementor-element-8f3d25d elementor-testimonial--layout-image_stacked elementor-testimonial--skin-default elementor-testimonial--align-center elementor-arrows-yes elementor-pagination-type-bullets elementor-widget elementor-widget-testimonial-carousel\" data-id=\"8f3d25d\" data-element_type=\"widget\" data-settings=\"{&quot;show_arrows&quot;:&quot;yes&quot;,&quot;pagination&quot;:&quot;bullets&quot;,&quot;speed&quot;:500,&quot;autoplay&quot;:&quot;yes&quot;,&quot;autoplay_speed&quot;:5000,&quot;loop&quot;:&quot;yes&quot;,&quot;pause_on_hover&quot;:&quot;yes&quot;,&quot;pause_on_interaction&quot;:&quot;yes&quot;,&quot;space_between&quot;:{&quot;unit&quot;:&quot;px&quot;,&quot;size&quot;:10,&quot;sizes&quot;:[]},&quot;space_between_tablet&quot;:{&quot;unit&quot;:&quot;px&quot;,&quot;size&quot;:10,&quot;sizes&quot;:[]},&quot;space_between_mobile&quot;:{&quot;unit&quot;:&quot;px&quot;,&quot;size&quot;:10,&quot;sizes&quot;:[]}}\" data-widget_type=\"testimonial-carousel.default\">\n\t\t\t\t<div class=\"elementor-widget-container\">\n\t\t\t\t\t<div class=\"elementor-swiper\">\n\t\t\t<div class=\"elementor-main-swiper swiper-container\">\n\t\t\t\t<div class=\"swiper-wrapper\">\n\t\t\t\t\t\t\t\t\t\t\t<div class=\"swiper-slide\">\n\t\t\t\t\t\t\t\t\t<div class=\"elementor-testimonial\">\n\t\t\t\t\t\t\t<div class=\"elementor-testimonial__content\">\n\t\t\t\t\t<div class=\"elementor-testimonial__text\">\n\t\t\t\t\t\tQuesto dispositivo mobile contribuir\u00e0 a migliorare la resistenza, ma anche per migliorare e accelerare la riabilitazione e il recupero.\t\t\t\t\t<\/div>\n\t\t\t\t\t\t\t\t\t<\/div>\n\t\t\t\t\t\t<div class=\"elementor-testimonial__footer\">\n\t\t\t\t\t\t\t\t\t<div class=\"elementor-testimonial__image\">\n\t\t\t\t\t\t<img decoding=\"async\" src=\"https:\/\/www.gmovesuit.com\/wp-content\/uploads\/2019\/07\/cheick-kongo.jpg\" alt=\"Cheick Kongo\">\n\t\t\t\t\t<\/div>\n\t\t\t\t\t\t\t\t<cite class=\"elementor-testimonial__cite\"><span class=\"elementor-testimonial__name\">Cheick Kongo<\/span><span class=\"elementor-testimonial__title\">Combattente francese MMA<\/span><\/cite>\t\t\t<\/div>\n\t\t<\/div>\n\t\t\t\t\t\t\t\t<\/div>\n\t\t\t\t\t\t\t\t\t<\/div>\n\t\t\t\t\t\t\t<\/div>\n\t\t<\/div>\n\t\t\t\t<\/div>\n\t\t\t\t<\/div>\n\t\t\t\t\t<\/div>\n\t\t<\/div>\n\t\t\t\t\t<\/div>\n\t\t<\/section>\n\t\t\t\t<\/div>\n\t\t<\/div>\n\t\t<\/div>\n\t\t\t\t<\/div>\n\t\t\t\t<\/div>\n\t\t\t\t\t<\/div>\n\t\t<\/div>\n\t\t\t\t\t<\/div>\n\t\t<\/section>\n\t\t\t\t<\/div>\n\t\t","protected":false},"excerpt":{"rendered":"<p>Quali sono i vantaggi? La compressione attiva \u00e9 una tecnica riconosciuta che consente di recuperare rapidamente il potenziale delle tue capacit\u00e0 fisiche aumentando il ritmo dell&#8217;allenamento. Al di l\u00e0 di questo approccio, la compressione attiva fornita dalla GMOVE-SUIT \u00e8 efficace anche in seguito a lesioni acute. Contribuisce fortemente a ridurre l\u2019edema attraverso la riduzione del [&hellip;]<\/p>\n","protected":false},"author":1,"featured_media":0,"parent":0,"menu_order":0,"comment_status":"closed","ping_status":"closed","template":"elementor_header_footer","meta":{"footnotes":""},"yoast_head":"<!-- This site is optimized with the Yoast SEO plugin v22.1 - https:\/\/yoast.com\/wordpress\/plugins\/seo\/ -->\n<title>Vantaggi - GMOVE SUIT<\/title>\n<meta name=\"robots\" content=\"index, follow, max-snippet:-1, max-image-preview:large, max-video-preview:-1\" \/>\n<link rel=\"canonical\" href=\"https:\/\/www.gmovesuit.com\/it\/vantaggi\/\" \/>\n<meta property=\"og:locale\" content=\"it_IT\" \/>\n<meta property=\"og:type\" content=\"article\" \/>\n<meta property=\"og:title\" content=\"Vantaggi - GMOVE SUIT\" \/>\n<meta property=\"og:description\" content=\"Quali sono i vantaggi? La compressione attiva \u00e9 una tecnica riconosciuta che consente di recuperare rapidamente il potenziale delle tue capacit\u00e0 fisiche aumentando il ritmo dell&#8217;allenamento. Al di l\u00e0 di questo approccio, la compressione attiva fornita dalla GMOVE-SUIT \u00e8 efficace anche in seguito a lesioni acute. Contribuisce fortemente a ridurre l\u2019edema attraverso la riduzione del [&hellip;]\" \/>\n<meta property=\"og:url\" content=\"https:\/\/www.gmovesuit.com\/it\/vantaggi\/\" \/>\n<meta property=\"og:site_name\" content=\"GMOVE SUIT\" \/>\n<meta property=\"article:modified_time\" content=\"2020-03-26T10:00:39+00:00\" \/>\n<meta property=\"og:image\" content=\"https:\/\/www.gmovesuit.com\/wp-content\/uploads\/2019\/08\/g-move-suite-logo.png\" \/>\n<meta name=\"twitter:card\" content=\"summary_large_image\" \/>\n<meta name=\"twitter:label1\" content=\"Tempo di lettura stimato\" \/>\n\t<meta name=\"twitter:data1\" content=\"1 minuto\" \/>\n<script type=\"application\/ld+json\" class=\"yoast-schema-graph\">{\"@context\":\"https:\/\/schema.org\",\"@graph\":[{\"@type\":\"WebPage\",\"@id\":\"https:\/\/www.gmovesuit.com\/it\/vantaggi\/\",\"url\":\"https:\/\/www.gmovesuit.com\/it\/vantaggi\/\",\"name\":\"Vantaggi - GMOVE SUIT\",\"isPartOf\":{\"@id\":\"https:\/\/www.gmovesuit.com\/#website\"},\"datePublished\":\"2020-03-10T15:17:39+00:00\",\"dateModified\":\"2020-03-26T10:00:39+00:00\",\"breadcrumb\":{\"@id\":\"https:\/\/www.gmovesuit.com\/it\/vantaggi\/#breadcrumb\"},\"inLanguage\":\"it-IT\",\"potentialAction\":[{\"@type\":\"ReadAction\",\"target\":[\"https:\/\/www.gmovesuit.com\/it\/vantaggi\/\"]}]},{\"@type\":\"BreadcrumbList\",\"@id\":\"https:\/\/www.gmovesuit.com\/it\/vantaggi\/#breadcrumb\",\"itemListElement\":[{\"@type\":\"ListItem\",\"position\":1,\"name\":\"Accueil\",\"item\":\"https:\/\/www.gmovesuit.com\/it\/\"},{\"@type\":\"ListItem\",\"position\":2,\"name\":\"Vantaggi\"}]},{\"@type\":\"WebSite\",\"@id\":\"https:\/\/www.gmovesuit.com\/#website\",\"url\":\"https:\/\/www.gmovesuit.com\/\",\"name\":\"GMOVE SUIT\",\"description\":\"\",\"potentialAction\":[{\"@type\":\"SearchAction\",\"target\":{\"@type\":\"EntryPoint\",\"urlTemplate\":\"https:\/\/www.gmovesuit.com\/?s={search_term_string}\"},\"query-input\":\"required name=search_term_string\"}],\"inLanguage\":\"it-IT\"}]}<\/script>\n<!-- \/ Yoast SEO plugin. -->","yoast_head_json":{"title":"Vantaggi - GMOVE SUIT","robots":{"index":"index","follow":"follow","max-snippet":"max-snippet:-1","max-image-preview":"max-image-preview:large","max-video-preview":"max-video-preview:-1"},"canonical":"https:\/\/www.gmovesuit.com\/it\/vantaggi\/","og_locale":"it_IT","og_type":"article","og_title":"Vantaggi - GMOVE SUIT","og_description":"Quali sono i vantaggi? La compressione attiva \u00e9 una tecnica riconosciuta che consente di recuperare rapidamente il potenziale delle tue capacit\u00e0 fisiche aumentando il ritmo dell&#8217;allenamento. Al di l\u00e0 di questo approccio, la compressione attiva fornita dalla GMOVE-SUIT \u00e8 efficace anche in seguito a lesioni acute. Contribuisce fortemente a ridurre l\u2019edema attraverso la riduzione del [&hellip;]","og_url":"https:\/\/www.gmovesuit.com\/it\/vantaggi\/","og_site_name":"GMOVE SUIT","article_modified_time":"2020-03-26T10:00:39+00:00","og_image":[{"url":"https:\/\/www.gmovesuit.com\/wp-content\/uploads\/2019\/08\/g-move-suite-logo.png"}],"twitter_card":"summary_large_image","twitter_misc":{"Tempo di lettura stimato":"1 minuto"},"schema":{"@context":"https:\/\/schema.org","@graph":[{"@type":"WebPage","@id":"https:\/\/www.gmovesuit.com\/it\/vantaggi\/","url":"https:\/\/www.gmovesuit.com\/it\/vantaggi\/","name":"Vantaggi - GMOVE SUIT","isPartOf":{"@id":"https:\/\/www.gmovesuit.com\/#website"},"datePublished":"2020-03-10T15:17:39+00:00","dateModified":"2020-03-26T10:00:39+00:00","breadcrumb":{"@id":"https:\/\/www.gmovesuit.com\/it\/vantaggi\/#breadcrumb"},"inLanguage":"it-IT","potentialAction":[{"@type":"ReadAction","target":["https:\/\/www.gmovesuit.com\/it\/vantaggi\/"]}]},{"@type":"BreadcrumbList","@id":"https:\/\/www.gmovesuit.com\/it\/vantaggi\/#breadcrumb","itemListElement":[{"@type":"ListItem","position":1,"name":"Accueil","item":"https:\/\/www.gmovesuit.com\/it\/"},{"@type":"ListItem","position":2,"name":"Vantaggi"}]},{"@type":"WebSite","@id":"https:\/\/www.gmovesuit.com\/#website","url":"https:\/\/www.gmovesuit.com\/","name":"GMOVE SUIT","description":"","potentialAction":[{"@type":"SearchAction","target":{"@type":"EntryPoint","urlTemplate":"https:\/\/www.gmovesuit.com\/?s={search_term_string}"},"query-input":"required name=search_term_string"}],"inLanguage":"it-IT"}]}},"_links":{"self":[{"href":"https:\/\/www.gmovesuit.com\/it\/wp-json\/wp\/v2\/pages\/1972"}],"collection":[{"href":"https:\/\/www.gmovesuit.com\/it\/wp-json\/wp\/v2\/pages"}],"about":[{"href":"https:\/\/www.gmovesuit.com\/it\/wp-json\/wp\/v2\/types\/page"}],"author":[{"embeddable":true,"href":"https:\/\/www.gmovesuit.com\/it\/wp-json\/wp\/v2\/users\/1"}],"replies":[{"embeddable":true,"href":"https:\/\/www.gmovesuit.com\/it\/wp-json\/wp\/v2\/comments?post=1972"}],"version-history":[{"count":14,"href":"https:\/\/www.gmovesuit.com\/it\/wp-json\/wp\/v2\/pages\/1972\/revisions"}],"predecessor-version":[{"id":2157,"href":"https:\/\/www.gmovesuit.com\/it\/wp-json\/wp\/v2\/pages\/1972\/revisions\/2157"}],"wp:attachment":[{"href":"https:\/\/www.gmovesuit.com\/it\/wp-json\/wp\/v2\/media?parent=1972"}],"curies":[{"name":"wp","href":"https:\/\/api.w.org\/{rel}","templated":true}]}}